{"id":310,"date":"2014-10-21T17:12:55","date_gmt":"2014-10-21T15:12:55","guid":{"rendered":"http:\/\/tanzverein-baltica.de\/wordpress\/?page_id=310"},"modified":"2020-11-01T17:32:36","modified_gmt":"2020-11-01T15:32:36","slug":"lageplan-der-kahlhorst-schule","status":"publish","type":"page","link":"https:\/\/tanzverein-baltica.de\/wordpress\/lageplan-der-kahlhorst-schule\/","title":{"rendered":"Wo wir tanzen"},"content":{"rendered":"<p>Kahlhorst Schule<\/p>\n<p>Kahlhorststra\u00dfe 41, 23562 L\u00fcbeck<\/p>\n<p><a href=\"https:\/\/tanzverein-baltica.de\/wordpress\/wp-content\/uploads\/2013\/03\/Zugang-Halle-Kahlhorst-Schule1.png\" target=\"_blank\" rel=\"noopener noreferrer\"><img loading=\"lazy\" decoding=\"async\" class=\"alignnone\" title=\"Zugang Halle Kahlhorst Schule\" src=\"https:\/\/tanzverein-baltica.de\/wordpress\/wp-content\/uploads\/2013\/03\/Zugang-Halle-Kahlhorst-Schule1.png\" alt=\"\" width=\"453\" height=\"208\" \/><\/a><\/p>\n<p>\u00a9 <a href=\"http:\/\/www.openstreetmap.org\" target=\"_blank\" rel=\"noopener noreferrer\">OpenStreetMap<\/a> und <a href=\"http:\/\/www.openstreetmap.org\/copyright\" target=\"_blank\" rel=\"noopener noreferrer\">Mitwirkende<\/a>, <a href=\"http:\/\/creativecommons.org\/licenses\/by-sa\/2.0\/deed.de\" target=\"_blank\" rel=\"noopener noreferrer\">CC-BY-SA<\/a><\/p>\n<p>Zum Vergr\u00f6\u00dfern klickt bitte auf den Lageplan.<\/p>\n<p>Alle Infos auf dem Smartphone erhaltet Ihr \u00fcber diesen QR-Code<\/p>\n<p><a href=\"https:\/\/tanzverein-baltica.de\/wordpress\/wp-content\/uploads\/2013\/03\/qrcode-4.png\" target=\"_blank\" rel=\"noopener noreferrer\"><img loading=\"lazy\" decoding=\"async\" class=\"alignleft wp-image-402\" src=\"https:\/\/tanzverein-baltica.de\/wordpress\/wp-content\/uploads\/2013\/03\/qrcode-4.png\" alt=\"\" width=\"263\" height=\"263\" srcset=\"https:\/\/tanzverein-baltica.de\/wordpress\/wp-content\/uploads\/2013\/03\/qrcode-4.png 740w, https:\/\/tanzverein-baltica.de\/wordpress\/wp-content\/uploads\/2013\/03\/qrcode-4-150x150.png 150w, https:\/\/tanzverein-baltica.de\/wordpress\/wp-content\/uploads\/2013\/03\/qrcode-4-300x300.png 300w\" sizes=\"auto, (max-width: 263px) 100vw, 263px\" \/><\/a><\/p>\n","protected":false},"excerpt":{"rendered":"<p>Kahlhorst Schule Kahlhorststra\u00dfe 41, 23562 L\u00fcbeck \u00a9 OpenStreetMap und Mitwirkende, CC-BY-SA Zum Vergr\u00f6\u00dfern klickt bitte auf den Lageplan. Alle Infos auf dem Smartphone erhaltet Ihr \u00fcber diesen QR-Code<\/p>\n","protected":false},"author":1,"featured_media":0,"parent":0,"menu_order":2,"comment_status":"closed","ping_status":"closed","template":"","meta":{"footnotes":""},"class_list":["post-310","page","type-page","status-publish","hentry"],"_links":{"self":[{"href":"https:\/\/tanzverein-baltica.de\/wordpress\/wp-json\/wp\/v2\/pages\/310","targetHints":{"allow":["GET"]}}],"collection":[{"href":"https:\/\/tanzverein-baltica.de\/wordpress\/wp-json\/wp\/v2\/pages"}],"about":[{"href":"https:\/\/tanzverein-baltica.de\/wordpress\/wp-json\/wp\/v2\/types\/page"}],"author":[{"embeddable":true,"href":"https:\/\/tanzverein-baltica.de\/wordpress\/wp-json\/wp\/v2\/users\/1"}],"replies":[{"embeddable":true,"href":"https:\/\/tanzverein-baltica.de\/wordpress\/wp-json\/wp\/v2\/comments?post=310"}],"version-history":[{"count":18,"href":"https:\/\/tanzverein-baltica.de\/wordpress\/wp-json\/wp\/v2\/pages\/310\/revisions"}],"predecessor-version":[{"id":874,"href":"https:\/\/tanzverein-baltica.de\/wordpress\/wp-json\/wp\/v2\/pages\/310\/revisions\/874"}],"wp:attachment":[{"href":"https:\/\/tanzverein-baltica.de\/wordpress\/wp-json\/wp\/v2\/media?parent=310"}],"curies":[{"name":"wp","href":"https:\/\/api.w.org\/{rel}","templated":true}]}}