{"id":11,"date":"2013-08-19T18:44:58","date_gmt":"2013-08-19T16:44:58","guid":{"rendered":"http:\/\/tanzverein-baltica.de\/wordpress\/?page_id=11"},"modified":"2020-11-01T17:32:29","modified_gmt":"2020-11-01T15:32:29","slug":"wer-wir-sind","status":"publish","type":"page","link":"https:\/\/tanzverein-baltica.de\/wordpress\/wer-wir-sind\/","title":{"rendered":"Wer wir sind"},"content":{"rendered":"<p>Sch\u00f6n, dass Du dich f\u00fcr unseren Tanzverein interessierst !<\/p>\n<p>Hier ein paar kurze Informationen \u00fcber unseren Verein:<\/p>\n<p>Im Dezember 2009 trafen sich tanzbegeisterte Paare aus der Region L\u00fcbeck, um einen neuen Tanzverein zu gr\u00fcnden.\u00a0 Nachdem\u00a0alles organisiert war, konnte der Trainingsbetrieb dann im Januar 2010 mit der Gruppe der\u00a0Fortgeschrittenen beginnen. Die Suche nach weiteren Tanzbegeisterten war erfolgreich, so dass bald darauf die\u00a0Anf\u00e4nger starteten.<\/p>\n<p>Da wir uns als &#8222;kleiner&#8220; Verein ohne M\u00e4zen oder Sponsor nat\u00fcrlich keine eigenen R\u00e4umlichkeiten leisten wollen und k\u00f6nnen, tanzen wir dem Tanzsportanspruch gem\u00e4\u00df in der Sporthalle der Kahlhorstschule. Dadurch k\u00f6nnen wir die Beitragsgeb\u00fchren sehr klein halten.<\/p>\n<p>Damit h\u00e4tten wir schon einmal Mitglieder und R\u00e4umlichkeiten. Das Wichtigste fehlte aber noch:<\/p>\n<p>Der Tanztrainer!<\/p>\n<p>Mit Bernd Dockwarder konnten wir einen Tanztrainer verpflichten, der uns mit Witz, guter Laune, Spa\u00df an der Arbeit und ohne Leistungsdruck unterrichtet.<\/p>\n<p>Mit vereinten Kr\u00e4ften konnten wir im\u00a0Oktober 2011 und 2013 mit dem Training f\u00fcr die n\u00e4chsten Anf\u00e4ngergruppen beginnen, deren Tanzpaare sich mittlerweile zu guten fortgeschrittenen T\u00e4nzern entwickelt haben.<\/p>\n<p>Ab und an treffen wir uns auch au\u00dferhalb des Tanzens, um uns auch gruppen\u00fcbergreifend auszutauschen und besser kennen zu lernen.<\/p>\n<p>In unserem Verein sind T\u00e4nzer aller Altersgruppen willkommen.<\/p>\n<p><strong>Tanzen kennt keine Altersgrenze !<br \/>\n<\/strong><\/p>\n","protected":false},"excerpt":{"rendered":"<p>Sch\u00f6n, dass Du dich f\u00fcr unseren Tanzverein interessierst ! Hier ein paar kurze Informationen \u00fcber unseren Verein: Im Dezember 2009 trafen sich tanzbegeisterte Paare aus der Region L\u00fcbeck, um einen neuen Tanzverein zu gr\u00fcnden.\u00a0 Nachdem\u00a0alles organisiert war, konnte der Trainingsbetrieb &hellip; <a href=\"https:\/\/tanzverein-baltica.de\/wordpress\/wer-wir-sind\/\">Weiterlesen <span class=\"meta-nav\">&rarr;<\/span><\/a><\/p>\n","protected":false},"author":1,"featured_media":0,"parent":0,"menu_order":1,"comment_status":"closed","ping_status":"closed","template":"","meta":{"footnotes":""},"class_list":["post-11","page","type-page","status-publish","hentry"],"_links":{"self":[{"href":"https:\/\/tanzverein-baltica.de\/wordpress\/wp-json\/wp\/v2\/pages\/11","targetHints":{"allow":["GET"]}}],"collection":[{"href":"https:\/\/tanzverein-baltica.de\/wordpress\/wp-json\/wp\/v2\/pages"}],"about":[{"href":"https:\/\/tanzverein-baltica.de\/wordpress\/wp-json\/wp\/v2\/types\/page"}],"author":[{"embeddable":true,"href":"https:\/\/tanzverein-baltica.de\/wordpress\/wp-json\/wp\/v2\/users\/1"}],"replies":[{"embeddable":true,"href":"https:\/\/tanzverein-baltica.de\/wordpress\/wp-json\/wp\/v2\/comments?post=11"}],"version-history":[{"count":28,"href":"https:\/\/tanzverein-baltica.de\/wordpress\/wp-json\/wp\/v2\/pages\/11\/revisions"}],"predecessor-version":[{"id":805,"href":"https:\/\/tanzverein-baltica.de\/wordpress\/wp-json\/wp\/v2\/pages\/11\/revisions\/805"}],"wp:attachment":[{"href":"https:\/\/tanzverein-baltica.de\/wordpress\/wp-json\/wp\/v2\/media?parent=11"}],"curies":[{"name":"wp","href":"https:\/\/api.w.org\/{rel}","templated":true}]}}